{"id":903,"date":"2019-08-09T00:23:52","date_gmt":"2019-08-08T22:23:52","guid":{"rendered":"https:\/\/www.korakwinery.com\/pocetna\/"},"modified":"2023-06-29T23:11:06","modified_gmt":"2023-06-29T21:11:06","slug":"pocetna","status":"publish","type":"page","link":"https:\/\/www.korakwinery.com\/hr\/","title":{"rendered":"PO\u010cETNA"},"content":{"rendered":"\t\t<div data-elementor-type=\"wp-post\" data-elementor-id=\"903\" class=\"elementor elementor-903 elementor-19\" data-elementor-settings=\"[]\">\n\t\t\t\t\t\t<div class=\"elementor-inner\">\n\t\t\t\t\t\t\t<div class=\"elementor-section-wrap\">\n\t\t\t\t\t\t\t<section class=\"elementor-section elementor-top-section elementor-element elementor-element-5b71426 elementor-section-stretched elementor-section-height-min-height elementor-section-items-bottom elementor-section-boxed elementor-section-height-default\" data-id=\"5b71426\" data-element_type=\"section\" data-settings=\"{&quot;stretch_section&quot;:&quot;section-stretched&quot;,&quot;background_background&quot;:&quot;video&quot;,&quot;background_video_link&quot;:&quot;https:\\\/\\\/youtu.be\\\/RsZRJ7YIFOg&quot;,&quot;background_video_start&quot;:1,&quot;background_play_on_mobile&quot;:&quot;yes&quot;}\">\n\t\t\t\t\t\t\t\t<div class=\"elementor-background-video-container\">\n\t\t\t\t\t\t\t\t\t\t\t\t\t<div class=\"elementor-background-video-embed\"><\/div>\n\t\t\t\t\t\t\t\t\t\t\t\t<\/div>\n\t\t\t\t\t\t\t\t<div class=\"elementor-container elementor-column-gap-default\">\n\t\t\t\t\t\t\t<div class=\"elementor-row\">\n\t\t\t\t\t<div class=\"elementor-column elementor-col-100 elementor-top-column elementor-element elementor-element-918b004\" data-id=\"918b004\" data-element_type=\"column\">\n\t\t\t<div class=\"elementor-column-wrap elementor-element-populated\">\n\t\t\t\t\t\t\t<div class=\"elementor-widget-wrap\">\n\t\t\t\t\t\t<div class=\"elementor-element elementor-element-0983c10 elementor-widget elementor-widget-spacer\" data-id=\"0983c10\" data-element_type=\"widget\" data-widget_type=\"spacer.default\">\n\t\t\t\t<div class=\"elementor-widget-container\">\n\t\t\t\t\t<div class=\"elementor-spacer\">\n\t\t\t<div class=\"elementor-spacer-inner\"><\/div>\n\t\t<\/div>\n\t\t\t\t<\/div>\n\t\t\t\t<\/div>\n\t\t\t\t<div class=\"jet-popup-target elementor-element elementor-element-80a9246 elementor-align-center animated-slow elementor-invisible elementor-widget elementor-widget-raven-button\" data-id=\"80a9246\" data-element_type=\"widget\" data-settings=\"{&quot;_animation&quot;:&quot;fadeInUp&quot;}\" data-widget_type=\"raven-button.default\">\n\t\t\t\t<div class=\"elementor-widget-container\">\n\t\t\t\t\t<div class=\"raven-widget-wrapper\">\n\t\t\t<a class=\"raven-button raven-button-link\" href=\"https:\/\/korakwinery.superbexperience.com\/\" target=\"_blank\">\n\t\t\t\t<span class=\"raven-button-content\">\n\t\t\t\t\t\t\t\t\t\t<span class=\"raven-button-text\">\n\t\t\t\t\t\tREZERVIRAJTE STOL\t\t\t\t\t\t\t\t\t\t\t<\/span>\n\t\t\t\t<\/span>\n\t\t\t<\/a>\n\t\t<\/div>\n\t\t\t\t<\/div>\n\t\t\t\t<\/div>\n\t\t\t\t<div class=\"elementor-element elementor-element-625aa8f elementor-widget elementor-widget-spacer\" data-id=\"625aa8f\" data-element_type=\"widget\" data-widget_type=\"spacer.default\">\n\t\t\t\t<div class=\"elementor-widget-container\">\n\t\t\t\t\t<div class=\"elementor-spacer\">\n\t\t\t<div class=\"elementor-spacer-inner\"><\/div>\n\t\t<\/div>\n\t\t\t\t<\/div>\n\t\t\t\t<\/div>\n\t\t\t\t<div class=\"elementor-element elementor-element-777eb0a elementor-widget elementor-widget-spacer\" data-id=\"777eb0a\" data-element_type=\"widget\" data-widget_type=\"spacer.default\">\n\t\t\t\t<div class=\"elementor-widget-container\">\n\t\t\t\t\t<div class=\"elementor-spacer\">\n\t\t\t<div class=\"elementor-spacer-inner\"><\/div>\n\t\t<\/div>\n\t\t\t\t<\/div>\n\t\t\t\t<\/div>\n\t\t\t\t\t\t<\/div>\n\t\t\t\t\t<\/div>\n\t\t<\/div>\n\t\t\t\t\t\t\t\t<\/div>\n\t\t\t\t\t<\/div>\n\t\t<\/section>\n\t\t\t\t\t\t<\/div>\n\t\t\t\t\t\t<\/div>\n\t\t\t\t\t<\/div>\n\t\t","protected":false},"excerpt":{"rendered":"<p>REZERVIRAJTE STOL<\/p>\n","protected":false},"author":2,"featured_media":0,"parent":0,"menu_order":0,"comment_status":"closed","ping_status":"closed","template":"full-width.php","meta":[],"yoast_head":"<!-- This site is optimized with the Yoast SEO plugin v16.2 - https:\/\/yoast.com\/wordpress\/plugins\/seo\/ -->\n<title>Welcome to KORAK Family Estate<\/title>\n<meta name=\"description\" content=\"KORAK je prezime obitelji vode\u0107e hrvatske vinarije i Michelin Star * restorana smje\u0161tenog u srcu bajkovite Ple\u0161ivice.\" \/>\n<meta name=\"robots\" content=\"index, follow, max-snippet:-1, max-image-preview:large, max-video-preview:-1\" \/>\n<link rel=\"canonical\" href=\"https:\/\/www.korakwinery.com\/hr\/\" \/>\n<meta property=\"og:locale\" content=\"hr_HR\" \/>\n<meta property=\"og:type\" content=\"article\" \/>\n<meta property=\"og:title\" content=\"Welcome to KORAK Family Estate\" \/>\n<meta property=\"og:description\" content=\"KORAK je prezime obitelji vode\u0107e hrvatske vinarije i Michelin Star * restorana smje\u0161tenog u srcu bajkovite Ple\u0161ivice.\" \/>\n<meta property=\"og:url\" content=\"https:\/\/www.korakwinery.com\/hr\/\" \/>\n<meta property=\"og:site_name\" content=\"KORAK Winery\" \/>\n<meta property=\"article:publisher\" content=\"https:\/\/www.facebook.com\/korakwinery\/\" \/>\n<meta property=\"article:modified_time\" content=\"2023-06-29T21:11:06+00:00\" \/>\n<meta name=\"twitter:card\" content=\"summary_large_image\" \/>\n<meta name=\"twitter:label1\" content=\"Procijenjeno vrijeme \u010ditanja\">\n\t<meta name=\"twitter:data1\" content=\"1 minuta\">\n<script type=\"application\/ld+json\" class=\"yoast-schema-graph\">{\"@context\":\"https:\/\/schema.org\",\"@graph\":[{\"@type\":\"Organization\",\"@id\":\"https:\/\/www.korakwinery.com\/#organization\",\"name\":\"KORAK Family Estate\",\"url\":\"https:\/\/www.korakwinery.com\/\",\"sameAs\":[\"https:\/\/www.facebook.com\/korakwinery\/\",\"https:\/\/www.instagram.com\/korakwinery\/\"],\"logo\":{\"@type\":\"ImageObject\",\"@id\":\"https:\/\/www.korakwinery.com\/#logo\",\"inLanguage\":\"hr\",\"url\":\"https:\/\/www.korakwinery.com\/wp-content\/uploads\/2019\/05\/vinarija-korak-family-logo-01.svg\",\"contentUrl\":\"https:\/\/www.korakwinery.com\/wp-content\/uploads\/2019\/05\/vinarija-korak-family-logo-01.svg\",\"width\":143,\"height\":47,\"caption\":\"KORAK Family Estate\"},\"image\":{\"@id\":\"https:\/\/www.korakwinery.com\/#logo\"}},{\"@type\":\"WebSite\",\"@id\":\"https:\/\/www.korakwinery.com\/#website\",\"url\":\"https:\/\/www.korakwinery.com\/\",\"name\":\"KORAK Winery\",\"description\":\"KORAK Winery\",\"publisher\":{\"@id\":\"https:\/\/www.korakwinery.com\/#organization\"},\"potentialAction\":[{\"@type\":\"SearchAction\",\"target\":\"https:\/\/www.korakwinery.com\/?s={search_term_string}\",\"query-input\":\"required name=search_term_string\"}],\"inLanguage\":\"hr\"},{\"@type\":\"WebPage\",\"@id\":\"https:\/\/www.korakwinery.com\/hr\/#webpage\",\"url\":\"https:\/\/www.korakwinery.com\/hr\/\",\"name\":\"Welcome to KORAK Family Estate\",\"isPartOf\":{\"@id\":\"https:\/\/www.korakwinery.com\/#website\"},\"datePublished\":\"2019-08-08T22:23:52+00:00\",\"dateModified\":\"2023-06-29T21:11:06+00:00\",\"description\":\"KORAK je prezime obitelji vode\\u0107e hrvatske vinarije i Michelin Star * restorana smje\\u0161tenog u srcu bajkovite Ple\\u0161ivice.\",\"breadcrumb\":{\"@id\":\"https:\/\/www.korakwinery.com\/hr\/#breadcrumb\"},\"inLanguage\":\"hr\",\"potentialAction\":[{\"@type\":\"ReadAction\",\"target\":[\"https:\/\/www.korakwinery.com\/hr\/\"]}]},{\"@type\":\"BreadcrumbList\",\"@id\":\"https:\/\/www.korakwinery.com\/hr\/#breadcrumb\",\"itemListElement\":[{\"@type\":\"ListItem\",\"position\":1,\"item\":{\"@type\":\"WebPage\",\"@id\":\"https:\/\/www.korakwinery.com\/hr\/\",\"url\":\"https:\/\/www.korakwinery.com\/hr\/\",\"name\":\"Po\\u010detna stranica\"}},{\"@type\":\"ListItem\",\"position\":2,\"item\":{\"@id\":\"https:\/\/www.korakwinery.com\/hr\/#webpage\"}}]}]}<\/script>\n<!-- \/ Yoast SEO plugin. -->","_links":{"self":[{"href":"https:\/\/www.korakwinery.com\/hr\/wp-json\/wp\/v2\/pages\/903"}],"collection":[{"href":"https:\/\/www.korakwinery.com\/hr\/wp-json\/wp\/v2\/pages"}],"about":[{"href":"https:\/\/www.korakwinery.com\/hr\/wp-json\/wp\/v2\/types\/page"}],"author":[{"embeddable":true,"href":"https:\/\/www.korakwinery.com\/hr\/wp-json\/wp\/v2\/users\/2"}],"replies":[{"embeddable":true,"href":"https:\/\/www.korakwinery.com\/hr\/wp-json\/wp\/v2\/comments?post=903"}],"version-history":[{"count":3,"href":"https:\/\/www.korakwinery.com\/hr\/wp-json\/wp\/v2\/pages\/903\/revisions"}],"predecessor-version":[{"id":3698,"href":"https:\/\/www.korakwinery.com\/hr\/wp-json\/wp\/v2\/pages\/903\/revisions\/3698"}],"wp:attachment":[{"href":"https:\/\/www.korakwinery.com\/hr\/wp-json\/wp\/v2\/media?parent=903"}],"curies":[{"name":"wp","href":"https:\/\/api.w.org\/{rel}","templated":true}]}}