{"id":916,"date":"2019-05-30T19:36:47","date_gmt":"2019-05-30T17:36:47","guid":{"rendered":"https:\/\/www.korakwinery.com\/o-nama\/"},"modified":"2022-05-28T12:50:55","modified_gmt":"2022-05-28T10:50:55","slug":"o-imanju","status":"publish","type":"page","link":"https:\/\/www.korakwinery.com\/hr\/o-imanju\/","title":{"rendered":"O IMANJU"},"content":{"rendered":"\t\t<div data-elementor-type=\"wp-post\" data-elementor-id=\"916\" class=\"elementor elementor-916 elementor-359\" data-elementor-settings=\"[]\">\n\t\t\t\t\t\t<div class=\"elementor-inner\">\n\t\t\t\t\t\t\t<div class=\"elementor-section-wrap\">\n\t\t\t\t\t\t\t<section class=\"elementor-section elementor-top-section elementor-element elementor-element-0dd54ed elementor-section-height-min-height elementor-section-full_width elementor-section-items-bottom elementor-section-height-default\" data-id=\"0dd54ed\" data-element_type=\"section\" data-settings=\"{&quot;background_background&quot;:&quot;classic&quot;}\">\n\t\t\t\t\t\t<div class=\"elementor-container elementor-column-gap-default\">\n\t\t\t\t\t\t\t<div class=\"elementor-row\">\n\t\t\t\t\t<div class=\"elementor-column elementor-col-100 elementor-top-column elementor-element elementor-element-125a76c korakScroll\" data-id=\"125a76c\" data-element_type=\"column\">\n\t\t\t<div class=\"elementor-column-wrap elementor-element-populated\">\n\t\t\t\t\t\t\t<div class=\"elementor-widget-wrap\">\n\t\t\t\t\t\t<section class=\"elementor-section elementor-inner-section elementor-element elementor-element-8394296 elementor-section-content-bottom elementor-section-boxed elementor-section-height-default elementor-section-height-default\" data-id=\"8394296\" data-element_type=\"section\" data-settings=\"{&quot;background_background&quot;:&quot;classic&quot;,&quot;animation_mobile&quot;:&quot;fadeInUp&quot;}\">\n\t\t\t\t\t\t<div class=\"elementor-container elementor-column-gap-default\">\n\t\t\t\t\t\t\t<div class=\"elementor-row\">\n\t\t\t\t\t<div class=\"elementor-column elementor-col-16 elementor-inner-column elementor-element elementor-element-0fb6ac4\" data-id=\"0fb6ac4\" data-element_type=\"column\">\n\t\t\t<div class=\"elementor-column-wrap\">\n\t\t\t\t\t\t\t<div class=\"elementor-widget-wrap\">\n\t\t\t\t\t\t\t\t<\/div>\n\t\t\t\t\t<\/div>\n\t\t<\/div>\n\t\t\t\t<div class=\"elementor-column elementor-col-66 elementor-inner-column elementor-element elementor-element-ba08dd0\" data-id=\"ba08dd0\" data-element_type=\"column\">\n\t\t\t<div class=\"elementor-column-wrap elementor-element-populated\">\n\t\t\t\t\t\t\t<div class=\"elementor-widget-wrap\">\n\t\t\t\t\t\t<div class=\"elementor-element elementor-element-0b4b4a3 fontKorakHeading elementor-invisible elementor-widget elementor-widget-heading\" data-id=\"0b4b4a3\" data-element_type=\"widget\" data-settings=\"{&quot;_animation&quot;:&quot;fadeIn&quot;}\" data-widget_type=\"heading.default\">\n\t\t\t\t<div class=\"elementor-widget-container\">\n\t\t\t<h1 class=\"elementor-heading-title elementor-size-default\">Obiteljsko imanje Korak<\/h1>\t\t<\/div>\n\t\t\t\t<\/div>\n\t\t\t\t<div class=\"elementor-element elementor-element-c338639 elementor-widget elementor-widget-text-editor\" data-id=\"c338639\" data-element_type=\"widget\" data-widget_type=\"text-editor.default\">\n\t\t\t\t<div class=\"elementor-widget-container\">\n\t\t\t\t\t<div class=\"elementor-text-editor elementor-clearfix\"><p>Na temeljima stare seoske ku\u0107e koja datira jo\u0161 iz 1900. godine, sagra\u0111en je na\u0161 dom. Tu smo obiteljsku ku\u0107u 2019. godine obnovili i u sklopu obiteljskog doma otvorili vrata dragim gostima. Na na\u0161em imanju kojim upravlja \u010detvrta i peta generacija nalazi se vinarija, restoran te konferencijska dvorana za poslovne i privatne doga\u0111aje.<\/p><\/div>\n\t\t\t\t<\/div>\n\t\t\t\t<\/div>\n\t\t\t\t<div class=\"elementor-element elementor-element-bff7f14 elementor-widget elementor-widget-raven-icon\" data-id=\"bff7f14\" data-element_type=\"widget\" data-widget_type=\"raven-icon.default\">\n\t\t\t\t<div class=\"elementor-widget-container\">\n\t\t\t\t\t<div class=\"raven-icon-wrapper\">\n\t\t\t<a class=\"raven-icon elementor-animation-shrink\" href=\"#korakStandardScroll\">\n\t\t\t\t<i aria-hidden=\"true\" class=\"fas fa-angle-down\"><\/i>\t\t\t<\/a>\n\t\t<\/div>\n\t\t\t\t<\/div>\n\t\t\t\t<\/div>\n\t\t\t\t\t\t<\/div>\n\t\t\t\t\t<\/div>\n\t\t<\/div>\n\t\t\t\t<div class=\"elementor-column elementor-col-16 elementor-inner-column elementor-element elementor-element-1cabf8f\" data-id=\"1cabf8f\" data-element_type=\"column\">\n\t\t\t<div class=\"elementor-column-wrap\">\n\t\t\t\t\t\t\t<div class=\"elementor-widget-wrap\">\n\t\t\t\t\t\t\t\t<\/div>\n\t\t\t\t\t<\/div>\n\t\t<\/div>\n\t\t\t\t\t\t\t\t<\/div>\n\t\t\t\t\t<\/div>\n\t\t<\/section>\n\t\t\t\t\t\t<\/div>\n\t\t\t\t\t<\/div>\n\t\t<\/div>\n\t\t\t\t\t\t\t\t<\/div>\n\t\t\t\t\t<\/div>\n\t\t<\/section>\n\t\t\t\t<section class=\"elementor-section elementor-top-section elementor-element elementor-element-efa4d19 elementor-section-stretched elementor-section-full_width elementor-section-content-middle elementor-reverse-mobile korakStandardScroll elementor-section-height-min-height elementor-section-height-default elementor-section-items-middle\" data-id=\"efa4d19\" data-element_type=\"section\" id=\"korakStandardScroll\" data-settings=\"{&quot;stretch_section&quot;:&quot;section-stretched&quot;,&quot;background_background&quot;:&quot;classic&quot;}\">\n\t\t\t\t\t\t<div class=\"elementor-container elementor-column-gap-no\">\n\t\t\t\t\t\t\t<div class=\"elementor-row\">\n\t\t\t\t\t<div class=\"elementor-column elementor-col-50 elementor-top-column elementor-element elementor-element-3bd9ad9\" data-id=\"3bd9ad9\" data-element_type=\"column\">\n\t\t\t<div class=\"elementor-column-wrap elementor-element-populated\">\n\t\t\t\t\t\t\t<div class=\"elementor-widget-wrap\">\n\t\t\t\t\t\t<div class=\"elementor-element elementor-element-f8827f8 elementor-hidden-desktop elementor-widget elementor-widget-spacer\" data-id=\"f8827f8\" data-element_type=\"widget\" data-widget_type=\"spacer.default\">\n\t\t\t\t<div class=\"elementor-widget-container\">\n\t\t\t\t\t<div class=\"elementor-spacer\">\n\t\t\t<div class=\"elementor-spacer-inner\"><\/div>\n\t\t<\/div>\n\t\t\t\t<\/div>\n\t\t\t\t<\/div>\n\t\t\t\t<section class=\"elementor-section elementor-inner-section elementor-element elementor-element-f06cdd8 animated-slow elementor-section-boxed elementor-section-height-default elementor-section-height-default elementor-invisible\" data-id=\"f06cdd8\" data-element_type=\"section\" data-settings=\"{&quot;animation&quot;:&quot;fadeInUp&quot;}\">\n\t\t\t\t\t\t<div class=\"elementor-container elementor-column-gap-default\">\n\t\t\t\t\t\t\t<div class=\"elementor-row\">\n\t\t\t\t\t<div class=\"elementor-column elementor-col-100 elementor-inner-column elementor-element elementor-element-35a086d\" data-id=\"35a086d\" data-element_type=\"column\">\n\t\t\t<div class=\"elementor-column-wrap elementor-element-populated\">\n\t\t\t\t\t\t\t<div class=\"elementor-widget-wrap\">\n\t\t\t\t\t\t<div class=\"elementor-element elementor-element-fa3bac1 elementor-widget elementor-widget-heading\" data-id=\"fa3bac1\" data-element_type=\"widget\" data-widget_type=\"heading.default\">\n\t\t\t\t<div class=\"elementor-widget-container\">\n\t\t\t<h2 class=\"elementor-heading-title elementor-size-default\">UPOZNAJTE NAS<\/h2>\t\t<\/div>\n\t\t\t\t<\/div>\n\t\t\t\t<div class=\"elementor-element elementor-element-6c4f1e2 elementor-widget elementor-widget-text-editor\" data-id=\"6c4f1e2\" data-element_type=\"widget\" data-widget_type=\"text-editor.default\">\n\t\t\t\t<div class=\"elementor-widget-container\">\n\t\t\t\t\t<div class=\"elementor-text-editor elementor-clearfix\"><p>Obiteljsko imanje Korak nalazi se na bregovitim padinama Ple\u0161ivice u samoj blizini Zagreba. Uzgajaju\u0107i gro\u017e\u0111e najvi\u0161e kvalitete i svakodnevnim radom u vinogradu, \u010duvaju\u0107i i razvijaju\u0107i umjetni\u010dku viziju priprave vina, berbu po berbu kreiramo unikatna i prepoznatljiva vina, vina s potpisom. Na\u0161a vina dolaze iz malih serija, od kojih svako od njih ima jedinstvenu pri\u010du. Svi \u010dlanovi obitelji, uklju\u010duju\u0107i jednog <em>vinskog<\/em> psa, doprinose imanju, predanoj proizvodnji vrhunskih vina, hrane i do\u017eivljaja.<\/p><\/div>\n\t\t\t\t<\/div>\n\t\t\t\t<\/div>\n\t\t\t\t<div class=\"elementor-element elementor-element-6a3b2cf elementor-align-center elementor-widget elementor-widget-raven-button\" data-id=\"6a3b2cf\" data-element_type=\"widget\" data-widget_type=\"raven-button.default\">\n\t\t\t\t<div class=\"elementor-widget-container\">\n\t\t\t\t\t<div class=\"raven-widget-wrapper\">\n\t\t\t<a class=\"raven-button raven-button-link\" href=\"https:\/\/www.korakwinery.com\/hr\/o-imanju\/upoznajte-nas\/\">\n\t\t\t\t<span class=\"raven-button-content\">\n\t\t\t\t\t\t\t\t\t\t<span class=\"raven-button-text\">\n\t\t\t\t\t\tPOGLEDAJTE VIDEO\t\t\t\t\t\t\t\t\t\t\t<\/span>\n\t\t\t\t<\/span>\n\t\t\t<\/a>\n\t\t<\/div>\n\t\t\t\t<\/div>\n\t\t\t\t<\/div>\n\t\t\t\t\t\t<\/div>\n\t\t\t\t\t<\/div>\n\t\t<\/div>\n\t\t\t\t\t\t\t\t<\/div>\n\t\t\t\t\t<\/div>\n\t\t<\/section>\n\t\t\t\t<div class=\"elementor-element elementor-element-0d29a84 elementor-hidden-desktop elementor-widget elementor-widget-spacer\" data-id=\"0d29a84\" data-element_type=\"widget\" data-widget_type=\"spacer.default\">\n\t\t\t\t<div class=\"elementor-widget-container\">\n\t\t\t\t\t<div class=\"elementor-spacer\">\n\t\t\t<div class=\"elementor-spacer-inner\"><\/div>\n\t\t<\/div>\n\t\t\t\t<\/div>\n\t\t\t\t<\/div>\n\t\t\t\t\t\t<\/div>\n\t\t\t\t\t<\/div>\n\t\t<\/div>\n\t\t\t\t<div class=\"elementor-column elementor-col-50 elementor-top-column elementor-element elementor-element-253aaec korak-slide-bg korakRowFull\" data-id=\"253aaec\" data-element_type=\"column\" data-settings=\"{&quot;background_background&quot;:&quot;classic&quot;}\">\n\t\t\t<div class=\"elementor-column-wrap elementor-element-populated\">\n\t\t\t\t\t\t\t<div class=\"elementor-widget-wrap\">\n\t\t\t\t\t\t<div class=\"elementor-element elementor-element-b1b402f elementor-widget elementor-widget-raven-flex-spacer\" data-id=\"b1b402f\" data-element_type=\"widget\" data-widget_type=\"raven-flex-spacer.default\">\n\t\t\t\t<div class=\"elementor-widget-container\">\n\t\t\t\t\t\t<div class=\"raven-spacer\">&nbsp;<\/div>\n\t\t\t\t<\/div>\n\t\t\t\t<\/div>\n\t\t\t\t<div class=\"elementor-element elementor-element-2bd06cf elementor-widget elementor-widget-spacer\" data-id=\"2bd06cf\" data-element_type=\"widget\" data-widget_type=\"spacer.default\">\n\t\t\t\t<div class=\"elementor-widget-container\">\n\t\t\t\t\t<div class=\"elementor-spacer\">\n\t\t\t<div class=\"elementor-spacer-inner\"><\/div>\n\t\t<\/div>\n\t\t\t\t<\/div>\n\t\t\t\t<\/div>\n\t\t\t\t\t\t<\/div>\n\t\t\t\t\t<\/div>\n\t\t<\/div>\n\t\t\t\t\t\t\t\t<\/div>\n\t\t\t\t\t<\/div>\n\t\t<\/section>\n\t\t\t\t<section class=\"elementor-section elementor-top-section elementor-element elementor-element-5366b4c elementor-section-stretched elementor-section-full_width elementor-section-content-middle korakStandardScroll elementor-section-height-min-height elementor-section-height-default elementor-section-items-middle\" data-id=\"5366b4c\" data-element_type=\"section\" data-settings=\"{&quot;stretch_section&quot;:&quot;section-stretched&quot;,&quot;background_background&quot;:&quot;classic&quot;}\">\n\t\t\t\t\t\t<div class=\"elementor-container elementor-column-gap-no\">\n\t\t\t\t\t\t\t<div class=\"elementor-row\">\n\t\t\t\t\t<div class=\"elementor-column elementor-col-50 elementor-top-column elementor-element elementor-element-25f9b89 korakRowFull\" data-id=\"25f9b89\" data-element_type=\"column\" data-settings=\"{&quot;background_background&quot;:&quot;classic&quot;}\">\n\t\t\t<div class=\"elementor-column-wrap elementor-element-populated\">\n\t\t\t\t\t\t\t<div class=\"elementor-widget-wrap\">\n\t\t\t\t\t\t<div class=\"elementor-element elementor-element-69fc5c5 elementor-widget elementor-widget-spacer\" data-id=\"69fc5c5\" data-element_type=\"widget\" data-widget_type=\"spacer.default\">\n\t\t\t\t<div class=\"elementor-widget-container\">\n\t\t\t\t\t<div class=\"elementor-spacer\">\n\t\t\t<div class=\"elementor-spacer-inner\"><\/div>\n\t\t<\/div>\n\t\t\t\t<\/div>\n\t\t\t\t<\/div>\n\t\t\t\t\t\t<\/div>\n\t\t\t\t\t<\/div>\n\t\t<\/div>\n\t\t\t\t<div class=\"elementor-column elementor-col-50 elementor-top-column elementor-element elementor-element-bad31f7\" data-id=\"bad31f7\" data-element_type=\"column\" data-settings=\"{&quot;background_background&quot;:&quot;classic&quot;}\">\n\t\t\t<div class=\"elementor-column-wrap elementor-element-populated\">\n\t\t\t\t\t\t\t<div class=\"elementor-widget-wrap\">\n\t\t\t\t\t\t<div class=\"elementor-element elementor-element-069a584 elementor-hidden-desktop elementor-widget elementor-widget-spacer\" data-id=\"069a584\" data-element_type=\"widget\" data-widget_type=\"spacer.default\">\n\t\t\t\t<div class=\"elementor-widget-container\">\n\t\t\t\t\t<div class=\"elementor-spacer\">\n\t\t\t<div class=\"elementor-spacer-inner\"><\/div>\n\t\t<\/div>\n\t\t\t\t<\/div>\n\t\t\t\t<\/div>\n\t\t\t\t<section class=\"elementor-section elementor-inner-section elementor-element elementor-element-8948a6b animated-slow elementor-section-boxed elementor-section-height-default elementor-section-height-default elementor-invisible\" data-id=\"8948a6b\" data-element_type=\"section\" data-settings=\"{&quot;animation&quot;:&quot;fadeInUp&quot;}\">\n\t\t\t\t\t\t<div class=\"elementor-container elementor-column-gap-default\">\n\t\t\t\t\t\t\t<div class=\"elementor-row\">\n\t\t\t\t\t<div class=\"elementor-column elementor-col-100 elementor-inner-column elementor-element elementor-element-aa323a2\" data-id=\"aa323a2\" data-element_type=\"column\">\n\t\t\t<div class=\"elementor-column-wrap elementor-element-populated\">\n\t\t\t\t\t\t\t<div class=\"elementor-widget-wrap\">\n\t\t\t\t\t\t<div class=\"elementor-element elementor-element-2f2103d elementor-widget elementor-widget-heading\" data-id=\"2f2103d\" data-element_type=\"widget\" data-widget_type=\"heading.default\">\n\t\t\t\t<div class=\"elementor-widget-container\">\n\t\t\t<h2 class=\"elementor-heading-title elementor-size-default\">KONTAKT<\/h2>\t\t<\/div>\n\t\t\t\t<\/div>\n\t\t\t\t<div class=\"elementor-element elementor-element-5670c6d elementor-widget elementor-widget-text-editor\" data-id=\"5670c6d\" data-element_type=\"widget\" data-widget_type=\"text-editor.default\">\n\t\t\t\t<div class=\"elementor-widget-container\">\n\t\t\t\t\t<div class=\"elementor-text-editor elementor-clearfix\"><p>Tu smo da vam pomognemo!<\/p><\/div>\n\t\t\t\t<\/div>\n\t\t\t\t<\/div>\n\t\t\t\t<div class=\"elementor-element elementor-element-1dfba50 elementor-align-center elementor-widget elementor-widget-raven-button\" data-id=\"1dfba50\" data-element_type=\"widget\" data-widget_type=\"raven-button.default\">\n\t\t\t\t<div class=\"elementor-widget-container\">\n\t\t\t\t\t<div class=\"raven-widget-wrapper\">\n\t\t\t<a class=\"raven-button raven-button-link\" href=\"https:\/\/www.korakwinery.com\/hr\/o-imanju\/kontakt\/\">\n\t\t\t\t<span class=\"raven-button-content\">\n\t\t\t\t\t\t\t\t\t\t<span class=\"raven-button-text\">\n\t\t\t\t\t\tKONTAKTIRAJTE NAS\t\t\t\t\t\t\t\t\t\t\t<\/span>\n\t\t\t\t<\/span>\n\t\t\t<\/a>\n\t\t<\/div>\n\t\t\t\t<\/div>\n\t\t\t\t<\/div>\n\t\t\t\t\t\t<\/div>\n\t\t\t\t\t<\/div>\n\t\t<\/div>\n\t\t\t\t\t\t\t\t<\/div>\n\t\t\t\t\t<\/div>\n\t\t<\/section>\n\t\t\t\t<div class=\"elementor-element elementor-element-34a8e7b elementor-hidden-desktop elementor-widget elementor-widget-spacer\" data-id=\"34a8e7b\" data-element_type=\"widget\" data-widget_type=\"spacer.default\">\n\t\t\t\t<div class=\"elementor-widget-container\">\n\t\t\t\t\t<div class=\"elementor-spacer\">\n\t\t\t<div class=\"elementor-spacer-inner\"><\/div>\n\t\t<\/div>\n\t\t\t\t<\/div>\n\t\t\t\t<\/div>\n\t\t\t\t\t\t<\/div>\n\t\t\t\t\t<\/div>\n\t\t<\/div>\n\t\t\t\t\t\t\t\t<\/div>\n\t\t\t\t\t<\/div>\n\t\t<\/section>\n\t\t\t\t\t\t<\/div>\n\t\t\t\t\t\t<\/div>\n\t\t\t\t\t<\/div>\n\t\t","protected":false},"excerpt":{"rendered":"<p>Obiteljsko imanje Korak Na temeljima stare seoske ku\u0107e koja datira jo\u0161 iz 1900. godine, sagra\u0111en je na\u0161 dom. Tu smo obiteljsku ku\u0107u 2019. godine obnovili i u sklopu obiteljskog doma otvorili vrata dragim gostima. Na na\u0161em imanju kojim upravlja \u010detvrta i peta generacija nalazi se vinarija, restoran te konferencijska dvorana za poslovne i privatne doga\u0111aje. [&hellip;]<\/p>\n","protected":false},"author":2,"featured_media":0,"parent":0,"menu_order":0,"comment_status":"closed","ping_status":"closed","template":"full-width.php","meta":[],"yoast_head":"<!-- This site is optimized with the Yoast SEO plugin v16.2 - https:\/\/yoast.com\/wordpress\/plugins\/seo\/ -->\n<title>KORAK | Obiteljsko imanje na bregovitim padinama Ple\u0161ivice<\/title>\n<meta name=\"description\" content=\"Obiteljsko imanje smje\u0161teno u srcu Ple\u0161ivice. Proizvodnja vrhunskih vina, hrane i do\u017eivljaja. Blizina Zagreba.\" \/>\n<meta name=\"robots\" content=\"index, follow, max-snippet:-1, max-image-preview:large, max-video-preview:-1\" \/>\n<link rel=\"canonical\" href=\"https:\/\/www.korakwinery.com\/hr\/o-imanju\/\" \/>\n<meta property=\"og:locale\" content=\"hr_HR\" \/>\n<meta property=\"og:type\" content=\"article\" \/>\n<meta property=\"og:title\" content=\"KORAK | Obiteljsko imanje na bregovitim padinama Ple\u0161ivice\" \/>\n<meta property=\"og:description\" content=\"Obiteljsko imanje smje\u0161teno u srcu Ple\u0161ivice. Proizvodnja vrhunskih vina, hrane i do\u017eivljaja. Blizina Zagreba.\" \/>\n<meta property=\"og:url\" content=\"https:\/\/www.korakwinery.com\/hr\/o-imanju\/\" \/>\n<meta property=\"og:site_name\" content=\"KORAK Winery\" \/>\n<meta property=\"article:publisher\" content=\"https:\/\/www.facebook.com\/korakwinery\/\" \/>\n<meta property=\"article:modified_time\" content=\"2022-05-28T10:50:55+00:00\" \/>\n<meta name=\"twitter:card\" content=\"summary_large_image\" \/>\n<meta name=\"twitter:label1\" content=\"Procijenjeno vrijeme \u010ditanja\">\n\t<meta name=\"twitter:data1\" content=\"1 minuta\">\n<script type=\"application\/ld+json\" class=\"yoast-schema-graph\">{\"@context\":\"https:\/\/schema.org\",\"@graph\":[{\"@type\":\"Organization\",\"@id\":\"https:\/\/www.korakwinery.com\/#organization\",\"name\":\"KORAK Family Estate\",\"url\":\"https:\/\/www.korakwinery.com\/\",\"sameAs\":[\"https:\/\/www.facebook.com\/korakwinery\/\",\"https:\/\/www.instagram.com\/korakwinery\/\"],\"logo\":{\"@type\":\"ImageObject\",\"@id\":\"https:\/\/www.korakwinery.com\/#logo\",\"inLanguage\":\"hr\",\"url\":\"https:\/\/www.korakwinery.com\/wp-content\/uploads\/2019\/05\/vinarija-korak-family-logo-01.svg\",\"contentUrl\":\"https:\/\/www.korakwinery.com\/wp-content\/uploads\/2019\/05\/vinarija-korak-family-logo-01.svg\",\"width\":143,\"height\":47,\"caption\":\"KORAK Family Estate\"},\"image\":{\"@id\":\"https:\/\/www.korakwinery.com\/#logo\"}},{\"@type\":\"WebSite\",\"@id\":\"https:\/\/www.korakwinery.com\/#website\",\"url\":\"https:\/\/www.korakwinery.com\/\",\"name\":\"KORAK Winery\",\"description\":\"KORAK Winery\",\"publisher\":{\"@id\":\"https:\/\/www.korakwinery.com\/#organization\"},\"potentialAction\":[{\"@type\":\"SearchAction\",\"target\":\"https:\/\/www.korakwinery.com\/?s={search_term_string}\",\"query-input\":\"required name=search_term_string\"}],\"inLanguage\":\"hr\"},{\"@type\":\"WebPage\",\"@id\":\"https:\/\/www.korakwinery.com\/hr\/o-imanju\/#webpage\",\"url\":\"https:\/\/www.korakwinery.com\/hr\/o-imanju\/\",\"name\":\"KORAK | Obiteljsko imanje na bregovitim padinama Ple\\u0161ivice\",\"isPartOf\":{\"@id\":\"https:\/\/www.korakwinery.com\/#website\"},\"datePublished\":\"2019-05-30T17:36:47+00:00\",\"dateModified\":\"2022-05-28T10:50:55+00:00\",\"description\":\"Obiteljsko imanje smje\\u0161teno u srcu Ple\\u0161ivice. Proizvodnja vrhunskih vina, hrane i do\\u017eivljaja. Blizina Zagreba.\",\"breadcrumb\":{\"@id\":\"https:\/\/www.korakwinery.com\/hr\/o-imanju\/#breadcrumb\"},\"inLanguage\":\"hr\",\"potentialAction\":[{\"@type\":\"ReadAction\",\"target\":[\"https:\/\/www.korakwinery.com\/hr\/o-imanju\/\"]}]},{\"@type\":\"BreadcrumbList\",\"@id\":\"https:\/\/www.korakwinery.com\/hr\/o-imanju\/#breadcrumb\",\"itemListElement\":[{\"@type\":\"ListItem\",\"position\":1,\"item\":{\"@type\":\"WebPage\",\"@id\":\"https:\/\/www.korakwinery.com\/hr\/\",\"url\":\"https:\/\/www.korakwinery.com\/hr\/\",\"name\":\"Po\\u010detna stranica\"}},{\"@type\":\"ListItem\",\"position\":2,\"item\":{\"@id\":\"https:\/\/www.korakwinery.com\/hr\/o-imanju\/#webpage\"}}]}]}<\/script>\n<!-- \/ Yoast SEO plugin. -->","_links":{"self":[{"href":"https:\/\/www.korakwinery.com\/hr\/wp-json\/wp\/v2\/pages\/916"}],"collection":[{"href":"https:\/\/www.korakwinery.com\/hr\/wp-json\/wp\/v2\/pages"}],"about":[{"href":"https:\/\/www.korakwinery.com\/hr\/wp-json\/wp\/v2\/types\/page"}],"author":[{"embeddable":true,"href":"https:\/\/www.korakwinery.com\/hr\/wp-json\/wp\/v2\/users\/2"}],"replies":[{"embeddable":true,"href":"https:\/\/www.korakwinery.com\/hr\/wp-json\/wp\/v2\/comments?post=916"}],"version-history":[{"count":3,"href":"https:\/\/www.korakwinery.com\/hr\/wp-json\/wp\/v2\/pages\/916\/revisions"}],"predecessor-version":[{"id":3749,"href":"https:\/\/www.korakwinery.com\/hr\/wp-json\/wp\/v2\/pages\/916\/revisions\/3749"}],"wp:attachment":[{"href":"https:\/\/www.korakwinery.com\/hr\/wp-json\/wp\/v2\/media?parent=916"}],"curies":[{"name":"wp","href":"https:\/\/api.w.org\/{rel}","templated":true}]}}