{"id":950,"date":"2019-08-09T13:27:45","date_gmt":"2019-08-09T11:27:45","guid":{"rendered":"https:\/\/www.korakwinery.com\/vinarija\/hr-where-to-shop\/"},"modified":"2023-02-22T15:36:51","modified_gmt":"2023-02-22T14:36:51","slug":"online-kupovina","status":"publish","type":"page","link":"https:\/\/www.korakwinery.com\/hr\/korak-vinarija\/online-kupovina\/","title":{"rendered":"WEB SHOP"},"content":{"rendered":"\t\t<div data-elementor-type=\"wp-post\" data-elementor-id=\"950\" class=\"elementor elementor-950 elementor-785\" data-elementor-settings=\"[]\">\n\t\t\t\t\t\t<div class=\"elementor-inner\">\n\t\t\t\t\t\t\t<div class=\"elementor-section-wrap\">\n\t\t\t\t\t\t\t<section class=\"elementor-section elementor-top-section elementor-element elementor-element-494a0417 elementor-section-height-min-height elementor-section-boxed elementor-section-height-default elementor-section-items-middle\" data-id=\"494a0417\" data-element_type=\"section\" data-settings=\"{&quot;background_background&quot;:&quot;classic&quot;}\">\n\t\t\t\t\t\t<div class=\"elementor-container elementor-column-gap-default\">\n\t\t\t\t\t\t\t<div class=\"elementor-row\">\n\t\t\t\t\t<div class=\"elementor-column elementor-col-100 elementor-top-column elementor-element elementor-element-6383f2e8\" data-id=\"6383f2e8\" data-element_type=\"column\">\n\t\t\t<div class=\"elementor-column-wrap\">\n\t\t\t\t\t\t\t<div class=\"elementor-widget-wrap\">\n\t\t\t\t\t\t\t\t<\/div>\n\t\t\t\t\t<\/div>\n\t\t<\/div>\n\t\t\t\t\t\t\t\t<\/div>\n\t\t\t\t\t<\/div>\n\t\t<\/section>\n\t\t\t\t<section class=\"elementor-section elementor-top-section elementor-element elementor-element-4a26b8d1 elementor-section-boxed elementor-section-height-default elementor-section-height-default\" data-id=\"4a26b8d1\" data-element_type=\"section\" data-settings=\"{&quot;background_background&quot;:&quot;classic&quot;}\">\n\t\t\t\t\t\t<div class=\"elementor-container elementor-column-gap-default\">\n\t\t\t\t\t\t\t<div class=\"elementor-row\">\n\t\t\t\t\t<div class=\"elementor-column elementor-col-100 elementor-top-column elementor-element elementor-element-7a8c54bc\" data-id=\"7a8c54bc\" data-element_type=\"column\">\n\t\t\t<div class=\"elementor-column-wrap elementor-element-populated\">\n\t\t\t\t\t\t\t<div class=\"elementor-widget-wrap\">\n\t\t\t\t\t\t<div class=\"elementor-element elementor-element-cd8650d elementor-widget elementor-widget-heading\" data-id=\"cd8650d\" data-element_type=\"widget\" data-widget_type=\"heading.default\">\n\t\t\t\t<div class=\"elementor-widget-container\">\n\t\t\t<h1 class=\"elementor-heading-title elementor-size-default\">SHOP ONLINE<\/h1>\t\t<\/div>\n\t\t\t\t<\/div>\n\t\t\t\t<section class=\"elementor-section elementor-inner-section elementor-element elementor-element-edf009a elementor-section-boxed elementor-section-height-default elementor-section-height-default\" data-id=\"edf009a\" data-element_type=\"section\">\n\t\t\t\t\t\t<div class=\"elementor-container elementor-column-gap-no\">\n\t\t\t\t\t\t\t<div class=\"elementor-row\">\n\t\t\t\t\t<div class=\"elementor-column elementor-col-25 elementor-inner-column elementor-element elementor-element-96b3510\" data-id=\"96b3510\" data-element_type=\"column\">\n\t\t\t<div class=\"elementor-column-wrap\">\n\t\t\t\t\t\t\t<div class=\"elementor-widget-wrap\">\n\t\t\t\t\t\t\t\t<\/div>\n\t\t\t\t\t<\/div>\n\t\t<\/div>\n\t\t\t\t<div class=\"elementor-column elementor-col-50 elementor-inner-column elementor-element elementor-element-7698aa5\" data-id=\"7698aa5\" data-element_type=\"column\">\n\t\t\t<div class=\"elementor-column-wrap elementor-element-populated\">\n\t\t\t\t\t\t\t<div class=\"elementor-widget-wrap\">\n\t\t\t\t\t\t<div class=\"elementor-element elementor-element-0cea5f3 elementor-widget elementor-widget-text-editor\" data-id=\"0cea5f3\" data-element_type=\"widget\" data-widget_type=\"text-editor.default\">\n\t\t\t\t<div class=\"elementor-widget-container\">\n\t\t\t\t\t<div class=\"elementor-text-editor elementor-clearfix\"><p>Odabrana vina iz na\u0161e obiteljske vinarije sada mo\u017eete prona\u0107i i naru\u010diti putem na\u0161e web trgovine. <strong>Minimalna koli\u010dina narud\u017ebe je 3 boce u bilo kojoj kombinaciji. Vina se \u0161alju u za\u0161ti\u0107enom pakiranju od 3, 6 ili 12 boca. <\/strong>Dostavljamo na podru\u010dju cijele Hrvatske i Europske unije.<\/p><p>Saznajte vi\u0161e o na\u0161im <a href=\"https:\/\/www.korakwinery.com\/hr\/vinarija\/vina\/\"><strong><span style=\"text-decoration: underline;\">vinima<\/span><\/strong><\/a> ili <strong><span style=\"text-decoration: underline;\"><a href=\"https:\/\/www.korakwinery.com\/hr\/vinarija\/vinogradi\/\">vinogradima<\/a><\/span><\/strong><\/p><p><strong>NA\u010cIN PLA\u0106ANJA<\/strong><\/p><\/div>\n\t\t\t\t<\/div>\n\t\t\t\t<\/div>\n\t\t\t\t<div class=\"elementor-element elementor-element-5e9de28 elementor-widget elementor-widget-jet-brands\" data-id=\"5e9de28\" data-element_type=\"widget\" data-widget_type=\"jet-brands.default\">\n\t\t\t\t<div class=\"elementor-widget-container\">\n\t\t\t<div class=\"elementor-jet-brands jet-elements\"><div class=\"brands-wrap\">\n\t<div class=\"brands-list col-row\"><div class=\"brands-list__item col-desk-6 col-tab-6 col-mob-6\"><a class=\"brands-list__item-link\" href=\"#\"><div class=\"brands-list__item-img-wrap\"><img src=\"https:\/\/www.korakwinery.com\/wp-content\/uploads\/2021\/03\/visa.png\" alt=\"visa\" class=\"brands-list__item-img\" loading=\"lazy\"><\/div><\/a><\/div><div class=\"brands-list__item col-desk-6 col-tab-6 col-mob-6\"><a class=\"brands-list__item-link\" href=\"#\"><div class=\"brands-list__item-img-wrap\"><img src=\"https:\/\/www.korakwinery.com\/wp-content\/uploads\/2021\/03\/mastercard.png\" alt=\"mastercard\" class=\"brands-list__item-img\" loading=\"lazy\"><\/div><\/a><\/div><div class=\"brands-list__item col-desk-6 col-tab-6 col-mob-6\"><a class=\"brands-list__item-link\" href=\"#\"><div class=\"brands-list__item-img-wrap\"><img src=\"https:\/\/www.korakwinery.com\/wp-content\/uploads\/2021\/03\/maestro.png\" alt=\"maestro\" class=\"brands-list__item-img\" loading=\"lazy\"><\/div><\/a><\/div><div class=\"brands-list__item col-desk-6 col-tab-6 col-mob-6\"><a class=\"brands-list__item-link\" href=\"#\"><div class=\"brands-list__item-img-wrap\"><img src=\"https:\/\/www.korakwinery.com\/wp-content\/uploads\/2021\/03\/apple-pay.png\" alt=\"apple-pay\" class=\"brands-list__item-img\" loading=\"lazy\"><\/div><\/a><\/div><div class=\"brands-list__item col-desk-6 col-tab-6 col-mob-6\"><a class=\"brands-list__item-link\" href=\"#\"><div class=\"brands-list__item-img-wrap\"><img src=\"https:\/\/www.korakwinery.com\/wp-content\/uploads\/2021\/03\/cod.png\" alt=\"cod\" class=\"brands-list__item-img\" loading=\"lazy\"><\/div><\/a><\/div><div class=\"brands-list__item col-desk-6 col-tab-6 col-mob-6\"><a class=\"brands-list__item-link\" href=\"#\"><div class=\"brands-list__item-img-wrap\"><img src=\"https:\/\/www.korakwinery.com\/wp-content\/uploads\/2021\/03\/internet-bankarstvo.png\" alt=\"internet-bankarstvo\" class=\"brands-list__item-img\" loading=\"lazy\"><\/div><\/a><\/div><\/div><\/div><\/div>\t\t<\/div>\n\t\t\t\t<\/div>\n\t\t\t\t\t\t<\/div>\n\t\t\t\t\t<\/div>\n\t\t<\/div>\n\t\t\t\t<div class=\"elementor-column elementor-col-25 elementor-inner-column elementor-element elementor-element-6d11d0a\" data-id=\"6d11d0a\" data-element_type=\"column\">\n\t\t\t<div class=\"elementor-column-wrap\">\n\t\t\t\t\t\t\t<div class=\"elementor-widget-wrap\">\n\t\t\t\t\t\t\t\t<\/div>\n\t\t\t\t\t<\/div>\n\t\t<\/div>\n\t\t\t\t\t\t\t\t<\/div>\n\t\t\t\t\t<\/div>\n\t\t<\/section>\n\t\t\t\t<div class=\"elementor-element elementor-element-c80e4cb elementor-widget elementor-widget-html\" data-id=\"c80e4cb\" data-element_type=\"widget\" data-widget_type=\"html.default\">\n\t\t\t\t<div class=\"elementor-widget-container\">\n\t\t\t<div id='collection-component-1677076549875'><\/div>\r\n<script type=\"text\/javascript\">\r\n\/*<![CDATA[*\/\r\n(function () {\r\n  var scriptURL = 'https:\/\/sdks.shopifycdn.com\/buy-button\/latest\/buy-button-storefront.min.js';\r\n  if (window.ShopifyBuy) {\r\n    if (window.ShopifyBuy.UI) {\r\n      ShopifyBuyInit();\r\n    } else {\r\n      loadScript();\r\n    }\r\n  } else {\r\n    loadScript();\r\n  }\r\n  function loadScript() {\r\n    var script = document.createElement('script');\r\n    script.async = true;\r\n    script.src = scriptURL;\r\n    (document.getElementsByTagName('head')[0] || document.getElementsByTagName('body')[0]).appendChild(script);\r\n    script.onload = ShopifyBuyInit;\r\n  }\r\n  function ShopifyBuyInit() {\r\n    var client = ShopifyBuy.buildClient({\r\n      domain: 'korak-winery.myshopify.com',\r\n      storefrontAccessToken: '19f89dac651fba7818bd76f027cc0c83',\r\n    });\r\n    ShopifyBuy.UI.onReady(client).then(function (ui) {\r\n      ui.createComponent('collection', {\r\n        id: '262349914297',\r\n        node: document.getElementById('collection-component-1677076549875'),\r\n        moneyFormat: '%E2%82%AC%7B%7Bamount_with_comma_separator%7D%7D',\r\n        options: {\r\n  \"product\": {\r\n    \"styles\": {\r\n      \"product\": {\r\n        \"@media (min-width: 601px)\": {\r\n          \"max-width\": \"calc(33.33333% - 30px)\",\r\n          \"margin-left\": \"30px\",\r\n          \"margin-bottom\": \"50px\",\r\n          \"width\": \"calc(33.33333% - 30px)\"\r\n        },\r\n        \"img\": {\r\n          \"height\": \"calc(100% - 15px)\",\r\n          \"position\": \"absolute\",\r\n          \"left\": \"0\",\r\n          \"right\": \"0\",\r\n          \"top\": \"0\"\r\n        },\r\n        \"imgWrapper\": {\r\n          \"padding-top\": \"calc(75% + 15px)\",\r\n          \"position\": \"relative\",\r\n          \"height\": \"0\"\r\n        }\r\n      },\r\n      \"title\": {\r\n        \"font-family\": \"Open Sans, sans-serif\",\r\n        \"font-size\": \"15px\"\r\n      },\r\n      \"button\": {\r\n        \"font-family\": \"Open Sans, sans-serif\",\r\n        \":hover\": {\r\n          \"background-color\": \"#554940\"\r\n        },\r\n        \"background-color\": \"#5e5147\",\r\n        \":focus\": {\r\n          \"background-color\": \"#554940\"\r\n        },\r\n        \"border-radius\": \"0px\"\r\n      },\r\n      \"price\": {\r\n        \"font-family\": \"Open Sans, sans-serif\",\r\n        \"font-size\": \"15px\",\r\n        \"color\": \"#5e5147\"\r\n      },\r\n      \"compareAt\": {\r\n        \"font-family\": \"Open Sans, sans-serif\",\r\n        \"font-size\": \"12.75px\",\r\n        \"color\": \"#5e5147\"\r\n      },\r\n      \"unitPrice\": {\r\n        \"font-family\": \"Open Sans, sans-serif\",\r\n        \"font-size\": \"12.75px\",\r\n        \"color\": \"#5e5147\"\r\n      }\r\n    },\r\n    \"text\": {\r\n      \"button\": \"Add to cart\"\r\n    },\r\n    \"googleFonts\": [\r\n      \"Open Sans\"\r\n    ]\r\n  },\r\n  \"productSet\": {\r\n    \"styles\": {\r\n      \"products\": {\r\n        \"@media (min-width: 601px)\": {\r\n          \"margin-left\": \"-30px\"\r\n        }\r\n      }\r\n    }\r\n  },\r\n  \"modalProduct\": {\r\n    \"contents\": {\r\n      \"img\": false,\r\n      \"imgWithCarousel\": true,\r\n      \"button\": false,\r\n      \"buttonWithQuantity\": true\r\n    },\r\n    \"styles\": {\r\n      \"product\": {\r\n        \"@media (min-width: 601px)\": {\r\n          \"max-width\": \"100%\",\r\n          \"margin-left\": \"0px\",\r\n          \"margin-bottom\": \"0px\"\r\n        }\r\n      },\r\n      \"button\": {\r\n        \"font-family\": \"Open Sans, sans-serif\",\r\n        \":hover\": {\r\n          \"background-color\": \"#554940\"\r\n        },\r\n        \"background-color\": \"#5e5147\",\r\n        \":focus\": {\r\n          \"background-color\": \"#554940\"\r\n        },\r\n        \"border-radius\": \"0px\"\r\n      },\r\n      \"title\": {\r\n        \"font-family\": \"Helvetica Neue, sans-serif\",\r\n        \"font-weight\": \"bold\",\r\n        \"font-size\": \"26px\",\r\n        \"color\": \"#4c4c4c\"\r\n      },\r\n      \"price\": {\r\n        \"font-family\": \"Helvetica Neue, sans-serif\",\r\n        \"font-weight\": \"normal\",\r\n        \"font-size\": \"18px\",\r\n        \"color\": \"#4c4c4c\"\r\n      },\r\n      \"compareAt\": {\r\n        \"font-family\": \"Helvetica Neue, sans-serif\",\r\n        \"font-weight\": \"normal\",\r\n        \"font-size\": \"15.299999999999999px\",\r\n        \"color\": \"#4c4c4c\"\r\n      },\r\n      \"unitPrice\": {\r\n        \"font-family\": \"Helvetica Neue, sans-serif\",\r\n        \"font-weight\": \"normal\",\r\n        \"font-size\": \"15.299999999999999px\",\r\n        \"color\": \"#4c4c4c\"\r\n      }\r\n    },\r\n    \"googleFonts\": [\r\n      \"Open Sans\"\r\n    ],\r\n    \"text\": {\r\n      \"button\": \"Add to cart\"\r\n    }\r\n  },\r\n  \"option\": {},\r\n  \"cart\": {\r\n    \"styles\": {\r\n      \"button\": {\r\n        \"font-family\": \"Open Sans, sans-serif\",\r\n        \":hover\": {\r\n          \"background-color\": \"#554940\"\r\n        },\r\n        \"background-color\": \"#5e5147\",\r\n        \":focus\": {\r\n          \"background-color\": \"#554940\"\r\n        },\r\n        \"border-radius\": \"0px\"\r\n      },\r\n      \"title\": {\r\n        \"color\": \"#353535\"\r\n      },\r\n      \"header\": {\r\n        \"color\": \"#353535\"\r\n      },\r\n      \"lineItems\": {\r\n        \"color\": \"#353535\"\r\n      },\r\n      \"subtotalText\": {\r\n        \"color\": \"#353535\"\r\n      },\r\n      \"subtotal\": {\r\n        \"color\": \"#353535\"\r\n      },\r\n      \"notice\": {\r\n        \"color\": \"#353535\"\r\n      },\r\n      \"currency\": {\r\n        \"color\": \"#353535\"\r\n      },\r\n      \"close\": {\r\n        \"color\": \"#353535\",\r\n        \":hover\": {\r\n          \"color\": \"#353535\"\r\n        }\r\n      },\r\n      \"empty\": {\r\n        \"color\": \"#353535\"\r\n      },\r\n      \"noteDescription\": {\r\n        \"color\": \"#353535\"\r\n      },\r\n      \"discountText\": {\r\n        \"color\": \"#353535\"\r\n      },\r\n      \"discountIcon\": {\r\n        \"fill\": \"#353535\"\r\n      },\r\n      \"discountAmount\": {\r\n        \"color\": \"#353535\"\r\n      },\r\n      \"cart\": {\r\n        \"background-color\": \"#f7f7f7\"\r\n      },\r\n      \"footer\": {\r\n        \"background-color\": \"#f7f7f7\"\r\n      }\r\n    },\r\n    \"text\": {\r\n      \"total\": \"Subtotal\",\r\n      \"notice\": \"Order options: 3, 6 or 12 bottles. Shipping and discount codes are added at checkout.\",\r\n      \"button\": \"Checkout\"\r\n    },\r\n    \"contents\": {\r\n      \"note\": true\r\n    },\r\n    \"popup\": false,\r\n    \"googleFonts\": [\r\n      \"Open Sans\"\r\n    ]\r\n  },\r\n  \"toggle\": {\r\n    \"styles\": {\r\n      \"toggle\": {\r\n        \"font-family\": \"Open Sans, sans-serif\",\r\n        \"background-color\": \"#5e5147\",\r\n        \":hover\": {\r\n          \"background-color\": \"#554940\"\r\n        },\r\n        \":focus\": {\r\n          \"background-color\": \"#554940\"\r\n        }\r\n      }\r\n    },\r\n    \"googleFonts\": [\r\n      \"Open Sans\"\r\n    ]\r\n  },\r\n  \"lineItem\": {\r\n    \"styles\": {\r\n      \"variantTitle\": {\r\n        \"color\": \"#353535\"\r\n      },\r\n      \"title\": {\r\n        \"color\": \"#353535\"\r\n      },\r\n      \"price\": {\r\n        \"color\": \"#353535\"\r\n      },\r\n      \"fullPrice\": {\r\n        \"color\": \"#353535\"\r\n      },\r\n      \"discount\": {\r\n        \"color\": \"#353535\"\r\n      },\r\n      \"discountIcon\": {\r\n        \"fill\": \"#353535\"\r\n      },\r\n      \"quantity\": {\r\n        \"color\": \"#353535\"\r\n      },\r\n      \"quantityIncrement\": {\r\n        \"color\": \"#353535\",\r\n        \"border-color\": \"#353535\"\r\n      },\r\n      \"quantityDecrement\": {\r\n        \"color\": \"#353535\",\r\n        \"border-color\": \"#353535\"\r\n      },\r\n      \"quantityInput\": {\r\n        \"color\": \"#353535\",\r\n        \"border-color\": \"#353535\"\r\n      }\r\n    }\r\n  }\r\n},\r\n      });\r\n    });\r\n  }\r\n})();\r\n\/*]]>*\/\r\n<\/script>\t\t<\/div>\n\t\t\t\t<\/div>\n\t\t\t\t\t\t<\/div>\n\t\t\t\t\t<\/div>\n\t\t<\/div>\n\t\t\t\t\t\t\t\t<\/div>\n\t\t\t\t\t<\/div>\n\t\t<\/section>\n\t\t\t\t\t\t<\/div>\n\t\t\t\t\t\t<\/div>\n\t\t\t\t\t<\/div>\n\t\t","protected":false},"excerpt":{"rendered":"<p>SHOP ONLINE Odabrana vina iz na\u0161e obiteljske vinarije sada mo\u017eete prona\u0107i i naru\u010diti putem na\u0161e web trgovine. Minimalna koli\u010dina narud\u017ebe je 3 boce u bilo kojoj kombinaciji. Vina se \u0161alju u za\u0161ti\u0107enom pakiranju od 3, 6 ili 12 boca. Dostavljamo na podru\u010dju cijele Hrvatske i Europske unije. Saznajte vi\u0161e o na\u0161im vinima ili vinogradima NA\u010cIN [&hellip;]<\/p>\n","protected":false},"author":2,"featured_media":2334,"parent":921,"menu_order":0,"comment_status":"closed","ping_status":"closed","template":"full-width.php","meta":[],"yoast_head":"<!-- This site is optimized with the Yoast SEO plugin v16.2 - https:\/\/yoast.com\/wordpress\/plugins\/seo\/ -->\n<title>KORAK Vina | Kupujte Direktno Iz Vinarije | Online Web Shop<\/title>\n<meta name=\"description\" content=\"Odabrana vina obiteljske vinarije KORAK od sada se mogu prona\u0107i i naru\u010diti putem online webshopa. Pjenu\u0161ava, mirna i naran\u010dasta vina.\" \/>\n<meta name=\"robots\" content=\"index, follow, max-snippet:-1, max-image-preview:large, max-video-preview:-1\" \/>\n<link rel=\"canonical\" href=\"https:\/\/www.korakwinery.com\/hr\/korak-vinarija\/online-kupovina\/\" \/>\n<meta property=\"og:locale\" content=\"hr_HR\" \/>\n<meta property=\"og:type\" content=\"article\" \/>\n<meta property=\"og:title\" content=\"KORAK Vina | Kupujte Direktno Iz Vinarije | Online Web Shop\" \/>\n<meta property=\"og:description\" content=\"Odabrana vina obiteljske vinarije KORAK od sada se mogu prona\u0107i i naru\u010diti putem online webshopa. Pjenu\u0161ava, mirna i naran\u010dasta vina.\" \/>\n<meta property=\"og:url\" content=\"https:\/\/www.korakwinery.com\/hr\/korak-vinarija\/online-kupovina\/\" \/>\n<meta property=\"og:site_name\" content=\"KORAK Winery\" \/>\n<meta property=\"article:publisher\" content=\"https:\/\/www.facebook.com\/korakwinery\/\" \/>\n<meta property=\"article:modified_time\" content=\"2023-02-22T14:36:51+00:00\" \/>\n<meta property=\"og:image\" content=\"https:\/\/www.korakwinery.com\/wp-content\/uploads\/2020\/07\/korak-wines-scaled.jpg\" \/>\n\t<meta property=\"og:image:width\" content=\"2048\" \/>\n\t<meta property=\"og:image:height\" content=\"1152\" \/>\n<meta name=\"twitter:card\" content=\"summary_large_image\" \/>\n<meta name=\"twitter:label1\" content=\"Procijenjeno vrijeme \u010ditanja\">\n\t<meta name=\"twitter:data1\" content=\"2 minute\">\n<script type=\"application\/ld+json\" class=\"yoast-schema-graph\">{\"@context\":\"https:\/\/schema.org\",\"@graph\":[{\"@type\":\"Organization\",\"@id\":\"https:\/\/www.korakwinery.com\/#organization\",\"name\":\"KORAK Family Estate\",\"url\":\"https:\/\/www.korakwinery.com\/\",\"sameAs\":[\"https:\/\/www.facebook.com\/korakwinery\/\",\"https:\/\/www.instagram.com\/korakwinery\/\"],\"logo\":{\"@type\":\"ImageObject\",\"@id\":\"https:\/\/www.korakwinery.com\/#logo\",\"inLanguage\":\"hr\",\"url\":\"https:\/\/www.korakwinery.com\/wp-content\/uploads\/2019\/05\/vinarija-korak-family-logo-01.svg\",\"contentUrl\":\"https:\/\/www.korakwinery.com\/wp-content\/uploads\/2019\/05\/vinarija-korak-family-logo-01.svg\",\"width\":143,\"height\":47,\"caption\":\"KORAK Family Estate\"},\"image\":{\"@id\":\"https:\/\/www.korakwinery.com\/#logo\"}},{\"@type\":\"WebSite\",\"@id\":\"https:\/\/www.korakwinery.com\/#website\",\"url\":\"https:\/\/www.korakwinery.com\/\",\"name\":\"KORAK Winery\",\"description\":\"KORAK Winery\",\"publisher\":{\"@id\":\"https:\/\/www.korakwinery.com\/#organization\"},\"potentialAction\":[{\"@type\":\"SearchAction\",\"target\":\"https:\/\/www.korakwinery.com\/?s={search_term_string}\",\"query-input\":\"required name=search_term_string\"}],\"inLanguage\":\"hr\"},{\"@type\":\"ImageObject\",\"@id\":\"https:\/\/www.korakwinery.com\/hr\/korak-vinarija\/online-kupovina\/#primaryimage\",\"inLanguage\":\"hr\",\"url\":\"https:\/\/www.korakwinery.com\/wp-content\/uploads\/2020\/07\/korak-wines-scaled.jpg\",\"contentUrl\":\"https:\/\/www.korakwinery.com\/wp-content\/uploads\/2020\/07\/korak-wines-scaled.jpg\",\"width\":2048,\"height\":1152,\"caption\":\"Selected wines from our family winery can now be found and ordered through our web shop.\"},{\"@type\":\"WebPage\",\"@id\":\"https:\/\/www.korakwinery.com\/hr\/korak-vinarija\/online-kupovina\/#webpage\",\"url\":\"https:\/\/www.korakwinery.com\/hr\/korak-vinarija\/online-kupovina\/\",\"name\":\"KORAK Vina | Kupujte Direktno Iz Vinarije | Online Web Shop\",\"isPartOf\":{\"@id\":\"https:\/\/www.korakwinery.com\/#website\"},\"primaryImageOfPage\":{\"@id\":\"https:\/\/www.korakwinery.com\/hr\/korak-vinarija\/online-kupovina\/#primaryimage\"},\"datePublished\":\"2019-08-09T11:27:45+00:00\",\"dateModified\":\"2023-02-22T14:36:51+00:00\",\"description\":\"Odabrana vina obiteljske vinarije KORAK od sada se mogu prona\\u0107i i naru\\u010diti putem online webshopa. Pjenu\\u0161ava, mirna i naran\\u010dasta vina.\",\"breadcrumb\":{\"@id\":\"https:\/\/www.korakwinery.com\/hr\/korak-vinarija\/online-kupovina\/#breadcrumb\"},\"inLanguage\":\"hr\",\"potentialAction\":[{\"@type\":\"ReadAction\",\"target\":[\"https:\/\/www.korakwinery.com\/hr\/korak-vinarija\/online-kupovina\/\"]}]},{\"@type\":\"BreadcrumbList\",\"@id\":\"https:\/\/www.korakwinery.com\/hr\/korak-vinarija\/online-kupovina\/#breadcrumb\",\"itemListElement\":[{\"@type\":\"ListItem\",\"position\":1,\"item\":{\"@type\":\"WebPage\",\"@id\":\"https:\/\/www.korakwinery.com\/hr\/\",\"url\":\"https:\/\/www.korakwinery.com\/hr\/\",\"name\":\"Po\\u010detna stranica\"}},{\"@type\":\"ListItem\",\"position\":2,\"item\":{\"@type\":\"WebPage\",\"@id\":\"https:\/\/www.korakwinery.com\/hr\/korak-vinarija\/\",\"url\":\"https:\/\/www.korakwinery.com\/hr\/korak-vinarija\/\",\"name\":\"VINARIJA\"}},{\"@type\":\"ListItem\",\"position\":3,\"item\":{\"@id\":\"https:\/\/www.korakwinery.com\/hr\/korak-vinarija\/online-kupovina\/#webpage\"}}]}]}<\/script>\n<!-- \/ Yoast SEO plugin. -->","_links":{"self":[{"href":"https:\/\/www.korakwinery.com\/hr\/wp-json\/wp\/v2\/pages\/950"}],"collection":[{"href":"https:\/\/www.korakwinery.com\/hr\/wp-json\/wp\/v2\/pages"}],"about":[{"href":"https:\/\/www.korakwinery.com\/hr\/wp-json\/wp\/v2\/types\/page"}],"author":[{"embeddable":true,"href":"https:\/\/www.korakwinery.com\/hr\/wp-json\/wp\/v2\/users\/2"}],"replies":[{"embeddable":true,"href":"https:\/\/www.korakwinery.com\/hr\/wp-json\/wp\/v2\/comments?post=950"}],"version-history":[{"count":3,"href":"https:\/\/www.korakwinery.com\/hr\/wp-json\/wp\/v2\/pages\/950\/revisions"}],"predecessor-version":[{"id":3961,"href":"https:\/\/www.korakwinery.com\/hr\/wp-json\/wp\/v2\/pages\/950\/revisions\/3961"}],"up":[{"embeddable":true,"href":"https:\/\/www.korakwinery.com\/hr\/wp-json\/wp\/v2\/pages\/921"}],"wp:featuredmedia":[{"embeddable":true,"href":"https:\/\/www.korakwinery.com\/hr\/wp-json\/wp\/v2\/media\/2334"}],"wp:attachment":[{"href":"https:\/\/www.korakwinery.com\/hr\/wp-json\/wp\/v2\/media?parent=950"}],"curies":[{"name":"wp","href":"https:\/\/api.w.org\/{rel}","templated":true}]}}